{"id":21,"date":"2021-01-27T17:27:26","date_gmt":"2021-01-27T17:27:26","guid":{"rendered":"https:\/\/new.abit.net.pl\/?page_id=21"},"modified":"2022-11-23T11:20:14","modified_gmt":"2022-11-23T11:20:14","slug":"o-nas","status":"publish","type":"page","link":"https:\/\/abit.net.pl\/index.php\/o-nas\/","title":{"rendered":"Firma"},"content":{"rendered":"\n<p><strong>Firma ABIT \u0141ukasz Bednarz<\/strong>&nbsp;powsta\u0142a na fundamencie wieloletnich do\u015bwiadcze\u0144 na gruncie informatyki oraz ochrony danych osobowych. W bran\u017cy informatycznej pracuj\u0119 od 1998 roku, przez 7,5 roku pe\u0142ni\u0142em funkcj\u0119 Administratora Bezpiecze\u0144stwa Informacji w Miejskim O\u015brodku Pomocy Spo\u0142ecznej w Wodzis\u0142awiu \u015al\u0105skim.<\/p>\n\n\n\n<p>Uko\u0144czy\u0142em studia podyplomowe z zakresu ochrony danych osobowych na Uniwersytecie \u015al\u0105skim. Za sob\u0105 mam wdro\u017cenia RODO zar\u00f3wno w plac\u00f3wkach medycznych, jak i w firmach produkcyjnych. Doradzam r\u00f3wniez firmom handlowym.<\/p>\n\n\n\n<p>Od 1998 roku pracuj\u0119 zawodowo w bran\u017cy informatycznej, najpierw jako sprzedawca w sklepie komputerowym, nast\u0119pnie jako informatyk \/ kooordynator ds. komputeryzacji pomocy spo\u0142ecznej w Miejskim O\u015brodku Pomocy Spo\u0142ecznej w Wodzis\u0142awiu \u015al\u0105skim, a\u017c do czasu obecnego &#8211; jako G\u0142\u00f3wny Specjalista ds. informatyzacji jednostek miejskich Wydzia\u0142u Informatyki w Urz\u0119dzie Miasta Wodzis\u0142awia \u015al\u0105skiego.<\/p>\n\n\n\n<p>Od 2018 roku z powodzeniem prowadz\u0119 dzia\u0142alno\u015b\u0107 gospodarcz\u0105.<\/p>\n\n\n\n<p>Maj\u0105c za sob\u0105 ogrom do\u015bwiadczenia zawodowego mog\u0119 Pa\u0144stwu zagwarantowa\u0107 us\u0142ugi na najwy\u017cszym poziomie.<\/p>\n\n\n\n<p>Dzia\u0142alno\u015b\u0107 mojej firmy stanowi\u0105 dwa trzony:<\/p>\n\n\n\n<ol class=\"wp-block-list\">\n<li>Obs\u0142uga informatyczna firm i jednostek sektora publicznego. Specjalizuj\u0119 si\u0119 w O\u015brodkach Pomocy Spo\u0142ecznej.<\/li>\n\n\n\n<li>Sprzeda\u017c poleasingowych laptop\u00f3w i komputer\u00f3w.<\/li>\n<\/ol>\n\n\n\n<p>Dzi\u0119ki indywidualnemu podej\u015bciu do ka\u017cdego Klienta jestem w stanie w 100% dopasowa\u0107 swoje us\u0142ugi do potrzeb.<\/p>\n\n\n\n<p>Opr\u00f3cz dzia\u0142alno\u015bci czysto informatycznej zajmuj\u0119 si\u0119 r\u00f3wnie\u017c szeroko poj\u0119t\u0105 ochron\u0105 danych osobowych. Dlatego jestem w stanie wskaza\u0107 optymalne rozwi\u0105zania dla newralgicznego po\u0142\u0105czenia tych dw\u00f3ch dziedzin.<\/p>\n\n\n\n<p><strong>Firma ABIT \u0141ukasz Bednarz \u015bwiadczy us\u0142ugi:<\/strong><\/p>\n\n\n\n<ul class=\"wp-block-list\">\n<li>z zakresu IT:\n<ul class=\"wp-block-list\">\n<li>sprzeda\u017c poleasingowych laptop\u00f3w i komputer\u00f3w,<\/li>\n\n\n\n<li>doradztwo z zakresu optymalnych rozwi\u0105za\u0144,<\/li>\n\n\n\n<li>nadz\u00f3r i opieka nad infrastruktur\u0105 IT Klienta,<\/li>\n\n\n\n<li>naprawy i konserwacje, rozbudowa komputer\u00f3w i laptop\u00f3w,<\/li>\n\n\n\n<li>dob\u00f3r i instalacja oprogramowania,<\/li>\n<\/ul>\n<\/li>\n\n\n\n<li>z zakresu szeroko poj\u0119tej ochrony danych osobowych:\n<ul class=\"wp-block-list\">\n<li>doradztwo z zakresu ochrony danych osobowych,<\/li>\n\n\n\n<li>opracowanie dokumentacji ochrony danych osobowych zgodniej z RODO, m.in:\n<ul class=\"wp-block-list\">\n<li>szacowanie ryzyka,<\/li>\n\n\n\n<li>rejestr czynno\u015bci przetwarzania danych,<\/li>\n\n\n\n<li>rejestr kategorii czynno\u015bci wykonywanych w imieniu administratora,<\/li>\n\n\n\n<li>rejestr incydent\u00f3w,<\/li>\n\n\n\n<li>polityki ochrony danych osobowych, m.in:\n<ul class=\"wp-block-list\">\n<li>polityki hase\u0142,<\/li>\n\n\n\n<li>polityki kluczy,<\/li>\n\n\n\n<li>polityki korzystania z poczty elektronicznej,<\/li>\n<\/ul>\n<\/li>\n\n\n\n<li>wzory dokument\u00f3w, m.in:\n<ul class=\"wp-block-list\">\n<li>upowa\u017cnienia do przetwarzania danych osobowych,<\/li>\n\n\n\n<li>klauzule informacyjne,<\/li>\n\n\n\n<li>formularze,<\/li>\n<\/ul>\n<\/li>\n<\/ul>\n<\/li>\n\n\n\n<li>pe\u0142nienie funkcji Inspektora Ochrony Danych,<\/li>\n<\/ul>\n<\/li>\n<\/ul>\n\n\n\n<p>i wiele innych.<\/p>\n\n\n\n<p>\u015awiadczenie us\u0142ug jest mo\u017cliwe zar\u00f3wno w formie sta\u0142ej wsp\u00f3\u0142pracy, jak i dora\u017anych zlece\u0144.<\/p>\n","protected":false},"excerpt":{"rendered":"<p>Firma ABIT \u0141ukasz Bednarz&nbsp;powsta\u0142a na fundamencie wieloletnich do\u015bwiadcze\u0144 na gruncie informatyki oraz ochrony danych osobowych. W bran\u017cy informatycznej pracuj\u0119 od 1998 roku, przez 7,5 roku pe\u0142ni\u0142em funkcj\u0119 Administratora Bezpiecze\u0144stwa Informacji &#8230;<\/p>\n","protected":false},"author":1,"featured_media":0,"parent":0,"menu_order":0,"comment_status":"closed","ping_status":"closed","template":"","meta":{"footnotes":""},"class_list":["post-21","page","type-page","status-publish","hentry"],"_links":{"self":[{"href":"https:\/\/abit.net.pl\/index.php\/wp-json\/wp\/v2\/pages\/21","targetHints":{"allow":["GET"]}}],"collection":[{"href":"https:\/\/abit.net.pl\/index.php\/wp-json\/wp\/v2\/pages"}],"about":[{"href":"https:\/\/abit.net.pl\/index.php\/wp-json\/wp\/v2\/types\/page"}],"author":[{"embeddable":true,"href":"https:\/\/abit.net.pl\/index.php\/wp-json\/wp\/v2\/users\/1"}],"replies":[{"embeddable":true,"href":"https:\/\/abit.net.pl\/index.php\/wp-json\/wp\/v2\/comments?post=21"}],"version-history":[{"count":4,"href":"https:\/\/abit.net.pl\/index.php\/wp-json\/wp\/v2\/pages\/21\/revisions"}],"predecessor-version":[{"id":230,"href":"https:\/\/abit.net.pl\/index.php\/wp-json\/wp\/v2\/pages\/21\/revisions\/230"}],"wp:attachment":[{"href":"https:\/\/abit.net.pl\/index.php\/wp-json\/wp\/v2\/media?parent=21"}],"curies":[{"name":"wp","href":"https:\/\/api.w.org\/{rel}","templated":true}]}}