{"id":505,"date":"2024-10-10T14:38:36","date_gmt":"2024-10-10T14:38:36","guid":{"rendered":"https:\/\/new.abit.net.pl\/?page_id=505"},"modified":"2026-02-27T08:13:26","modified_gmt":"2026-02-27T08:13:26","slug":"partnerzy","status":"publish","type":"page","link":"https:\/\/abit.net.pl\/index.php\/partnerzy\/","title":{"rendered":"Partnerzy"},"content":{"rendered":"\n<p>Partnerstwo (szczeg\u00f3lnie autoryzowane) to forma wsp\u00f3\u0142pracy dzi\u0119ki kt\u00f3rej Klient ma absolutn\u0105 pewno\u015b\u0107 co do jako\u015bci \u015bwiadczonych us\u0142ug oraz sprzeda\u017cy. Dzi\u0119ki byciu partnerem danej marki mo\u017cna oferowa\u0107 produkty najwy\u017cszej jako\u015bci bezpo\u015brednio od producenta\/importera w cenach SRP co przek\u0142ada si\u0119 na poziom oraz standaryzacj\u0119 oferowanych cen.<\/p>\n\n\n\n<p>Dla firmy b\u0119d\u0105cej partnerem marki jest to forma najwy\u017cszego uznania oraz potwierdzenie spe\u0142nienia wysokich standard\u00f3w obs\u0142ugi Klienta.<\/p>\n\n\n\n<p>Przedstawiam Pa\u0144stwu portfolio firm, kt\u00f3rych ABIT jest partnerem:<\/p>\n\n\n\n<figure class=\"wp-block-image size-full\"><a href=\"https:\/\/abit.eset-partner.pl\" target=\"_blank\" rel=\" noreferrer noopener\"><img loading=\"lazy\" decoding=\"async\" width=\"1000\" height=\"100\" src=\"https:\/\/abit.net.pl\/wp-content\/uploads\/2024\/06\/eset-autoryzowany-partner-logotyp-poziom-1000px.png\" alt=\"\" class=\"wp-image-450\" srcset=\"https:\/\/abit.net.pl\/wp-content\/uploads\/2024\/06\/eset-autoryzowany-partner-logotyp-poziom-1000px.png 1000w, https:\/\/abit.net.pl\/wp-content\/uploads\/2024\/06\/eset-autoryzowany-partner-logotyp-poziom-1000px-300x30.png 300w, https:\/\/abit.net.pl\/wp-content\/uploads\/2024\/06\/eset-autoryzowany-partner-logotyp-poziom-1000px-768x77.png 768w\" sizes=\"auto, (max-width: 1000px) 100vw, 1000px\" \/><\/a><\/figure>\n\n\n\n<figure class=\"wp-block-image size-large\"><a href=\"index.php\/movano\/\"><img loading=\"lazy\" decoding=\"async\" width=\"1024\" height=\"230\" src=\"https:\/\/abit.net.pl\/wp-content\/uploads\/2024\/10\/IMG_6212-1024x230.jpeg\" alt=\"\" class=\"wp-image-508\" srcset=\"https:\/\/abit.net.pl\/wp-content\/uploads\/2024\/10\/IMG_6212-1024x230.jpeg 1024w, https:\/\/abit.net.pl\/wp-content\/uploads\/2024\/10\/IMG_6212-300x67.jpeg 300w, https:\/\/abit.net.pl\/wp-content\/uploads\/2024\/10\/IMG_6212-768x173.jpeg 768w, https:\/\/abit.net.pl\/wp-content\/uploads\/2024\/10\/IMG_6212-1536x345.jpeg 1536w, https:\/\/abit.net.pl\/wp-content\/uploads\/2024\/10\/IMG_6212-2048x460.jpeg 2048w\" sizes=\"auto, (max-width: 1024px) 100vw, 1024px\" \/><\/a><\/figure>\n\n\n<div class=\"wp-block-image\">\n<figure class=\"aligncenter size-full\"><a href=\"index.php\/ntt-system\/\"><img loading=\"lazy\" decoding=\"async\" width=\"400\" height=\"77\" src=\"https:\/\/abit.net.pl\/wp-content\/uploads\/2025\/04\/logo_NTT.png\" alt=\"\" class=\"wp-image-613\" srcset=\"https:\/\/abit.net.pl\/wp-content\/uploads\/2025\/04\/logo_NTT.png 400w, https:\/\/abit.net.pl\/wp-content\/uploads\/2025\/04\/logo_NTT-300x58.png 300w\" sizes=\"auto, (max-width: 400px) 100vw, 400px\" \/><\/a><\/figure>\n<\/div>\n\n\n<p><\/p>\n","protected":false},"excerpt":{"rendered":"<p>Partnerstwo (szczeg\u00f3lnie autoryzowane) to forma wsp\u00f3\u0142pracy dzi\u0119ki kt\u00f3rej Klient ma absolutn\u0105 pewno\u015b\u0107 co do jako\u015bci \u015bwiadczonych us\u0142ug oraz sprzeda\u017cy. Dzi\u0119ki byciu partnerem danej marki mo\u017cna oferowa\u0107 produkty najwy\u017cszej jako\u015bci bezpo\u015brednio &#8230;<\/p>\n","protected":false},"author":1,"featured_media":0,"parent":0,"menu_order":0,"comment_status":"closed","ping_status":"closed","template":"","meta":{"footnotes":""},"class_list":["post-505","page","type-page","status-publish","hentry"],"_links":{"self":[{"href":"https:\/\/abit.net.pl\/index.php\/wp-json\/wp\/v2\/pages\/505","targetHints":{"allow":["GET"]}}],"collection":[{"href":"https:\/\/abit.net.pl\/index.php\/wp-json\/wp\/v2\/pages"}],"about":[{"href":"https:\/\/abit.net.pl\/index.php\/wp-json\/wp\/v2\/types\/page"}],"author":[{"embeddable":true,"href":"https:\/\/abit.net.pl\/index.php\/wp-json\/wp\/v2\/users\/1"}],"replies":[{"embeddable":true,"href":"https:\/\/abit.net.pl\/index.php\/wp-json\/wp\/v2\/comments?post=505"}],"version-history":[{"count":12,"href":"https:\/\/abit.net.pl\/index.php\/wp-json\/wp\/v2\/pages\/505\/revisions"}],"predecessor-version":[{"id":717,"href":"https:\/\/abit.net.pl\/index.php\/wp-json\/wp\/v2\/pages\/505\/revisions\/717"}],"wp:attachment":[{"href":"https:\/\/abit.net.pl\/index.php\/wp-json\/wp\/v2\/media?parent=505"}],"curies":[{"name":"wp","href":"https:\/\/api.w.org\/{rel}","templated":true}]}}