{"id":511,"date":"2024-10-10T14:38:07","date_gmt":"2024-10-10T14:38:07","guid":{"rendered":"https:\/\/new.abit.net.pl\/?page_id=511"},"modified":"2024-10-10T14:48:00","modified_gmt":"2024-10-10T14:48:00","slug":"movano","status":"publish","type":"page","link":"https:\/\/abit.net.pl\/index.php\/movano\/","title":{"rendered":"Movano"},"content":{"rendered":"\n<figure class=\"wp-block-image alignfull size-large\"><img loading=\"lazy\" decoding=\"async\" width=\"1024\" height=\"230\" src=\"https:\/\/new.abit.net.pl\/wp-content\/uploads\/2024\/10\/IMG_6212-1024x230.jpeg\" alt=\"\" class=\"wp-image-508\" srcset=\"https:\/\/abit.net.pl\/wp-content\/uploads\/2024\/10\/IMG_6212-1024x230.jpeg 1024w, https:\/\/abit.net.pl\/wp-content\/uploads\/2024\/10\/IMG_6212-300x67.jpeg 300w, https:\/\/abit.net.pl\/wp-content\/uploads\/2024\/10\/IMG_6212-768x173.jpeg 768w, https:\/\/abit.net.pl\/wp-content\/uploads\/2024\/10\/IMG_6212-1536x345.jpeg 1536w, https:\/\/abit.net.pl\/wp-content\/uploads\/2024\/10\/IMG_6212-2048x460.jpeg 2048w\" sizes=\"auto, (max-width: 1024px) 100vw, 1024px\" \/><\/figure>\n\n\n\n<p>D\u0105\u017c\u0105c do regularnego rozwoju swojej firmy mog\u0119 poinformowa\u0107 o tym, \u017ce zosta\u0142em oficjalnym Partnerem firmy ICO, w\u0142a\u015bciciela marki Movano. Dzi\u0119ki temu mog\u0119 Pa\u0144stwu zaoferowa\u0107 pe\u0142en wachlarz wysokich jako\u015bciowo zamiennych baterii do laptop\u00f3w oraz zasilaczy.<\/p>\n\n\n\n<h2 class=\"wp-block-heading has-text-align-center\">Zasilacze<\/h2>\n\n\n\n<figure class=\"wp-block-image alignfull size-full\"><img loading=\"lazy\" decoding=\"async\" width=\"772\" height=\"233\" src=\"https:\/\/new.abit.net.pl\/wp-content\/uploads\/2024\/10\/banner-zasilacz-serce.png\" alt=\"\" class=\"wp-image-513\" srcset=\"https:\/\/abit.net.pl\/wp-content\/uploads\/2024\/10\/banner-zasilacz-serce.png 772w, https:\/\/abit.net.pl\/wp-content\/uploads\/2024\/10\/banner-zasilacz-serce-300x91.png 300w, https:\/\/abit.net.pl\/wp-content\/uploads\/2024\/10\/banner-zasilacz-serce-768x232.png 768w\" sizes=\"auto, (max-width: 772px) 100vw, 772px\" \/><\/figure>\n\n\n\n<p>Movano to nie tylko zamienne zasilacze do konkretnego laptopa. W ofercie tej marki znajduj\u0105 si\u0119 r\u00f3wnie\u017c zasilacze uniwersalne o mocy nawet 120W. Co wi\u0119cej, opr\u00f3cz 10-ciu r\u00f3\u017cnych ko\u0144c\u00f3wek mo\u017cna do nich dokupi\u0107&#8230; zestaw kolejnych 10 ko\u0144c\u00f3wek co sprawia \u017ce jest to jeden z najbardziej uniwersalnych zasilaczy na rynku. Idealny produkt dla serwisu laptop\u00f3w. Tw\u00f3j Klient ju\u017c nigdy nie b\u0119dzie musia\u0142 przynosi\u0107 zasilacza do naprawianego laptopa!<\/p>\n\n\n\n<figure class=\"wp-block-gallery has-nested-images columns-default is-cropped wp-block-gallery-1 is-layout-flex wp-block-gallery-is-layout-flex\">\n<figure class=\"wp-block-image size-large\"><img loading=\"lazy\" decoding=\"async\" width=\"1024\" height=\"1024\" data-id=\"515\" src=\"https:\/\/new.abit.net.pl\/wp-content\/uploads\/2024\/10\/ZZ-UNI120W-Zasilacz-Movano-uniwersalny-120W-10-wtykow-1024x1024.jpg\" alt=\"\" class=\"wp-image-515\" srcset=\"https:\/\/abit.net.pl\/wp-content\/uploads\/2024\/10\/ZZ-UNI120W-Zasilacz-Movano-uniwersalny-120W-10-wtykow-1024x1024.jpg 1024w, https:\/\/abit.net.pl\/wp-content\/uploads\/2024\/10\/ZZ-UNI120W-Zasilacz-Movano-uniwersalny-120W-10-wtykow-300x300.jpg 300w, https:\/\/abit.net.pl\/wp-content\/uploads\/2024\/10\/ZZ-UNI120W-Zasilacz-Movano-uniwersalny-120W-10-wtykow-150x150.jpg 150w, https:\/\/abit.net.pl\/wp-content\/uploads\/2024\/10\/ZZ-UNI120W-Zasilacz-Movano-uniwersalny-120W-10-wtykow-768x768.jpg 768w, https:\/\/abit.net.pl\/wp-content\/uploads\/2024\/10\/ZZ-UNI120W-Zasilacz-Movano-uniwersalny-120W-10-wtykow-1536x1536.jpg 1536w, https:\/\/abit.net.pl\/wp-content\/uploads\/2024\/10\/ZZ-UNI120W-Zasilacz-Movano-uniwersalny-120W-10-wtykow-2048x2048.jpg 2048w\" sizes=\"auto, (max-width: 1024px) 100vw, 1024px\" \/><\/figure>\n\n\n\n<figure class=\"wp-block-image size-large\"><img loading=\"lazy\" decoding=\"async\" width=\"1024\" height=\"768\" data-id=\"514\" src=\"https:\/\/new.abit.net.pl\/wp-content\/uploads\/2024\/10\/AD-UNI-WTYKI-120W-Dodatkowe-10-wtykow-do-uniwersalnych-zasilaczy-Movano-120W.jpg\" alt=\"\" class=\"wp-image-514\" srcset=\"https:\/\/abit.net.pl\/wp-content\/uploads\/2024\/10\/AD-UNI-WTYKI-120W-Dodatkowe-10-wtykow-do-uniwersalnych-zasilaczy-Movano-120W.jpg 1024w, https:\/\/abit.net.pl\/wp-content\/uploads\/2024\/10\/AD-UNI-WTYKI-120W-Dodatkowe-10-wtykow-do-uniwersalnych-zasilaczy-Movano-120W-300x225.jpg 300w, https:\/\/abit.net.pl\/wp-content\/uploads\/2024\/10\/AD-UNI-WTYKI-120W-Dodatkowe-10-wtykow-do-uniwersalnych-zasilaczy-Movano-120W-768x576.jpg 768w\" sizes=\"auto, (max-width: 1024px) 100vw, 1024px\" \/><\/figure>\n<\/figure>\n\n\n\n<figure class=\"wp-block-image alignfull size-full\"><img loading=\"lazy\" decoding=\"async\" width=\"772\" height=\"233\" src=\"https:\/\/new.abit.net.pl\/wp-content\/uploads\/2024\/10\/zasilacz-movano-miasto.png\" alt=\"\" class=\"wp-image-516\" srcset=\"https:\/\/abit.net.pl\/wp-content\/uploads\/2024\/10\/zasilacz-movano-miasto.png 772w, https:\/\/abit.net.pl\/wp-content\/uploads\/2024\/10\/zasilacz-movano-miasto-300x91.png 300w, https:\/\/abit.net.pl\/wp-content\/uploads\/2024\/10\/zasilacz-movano-miasto-768x232.png 768w\" sizes=\"auto, (max-width: 772px) 100vw, 772px\" \/><\/figure>\n\n\n\n<p><\/p>\n\n\n\n<h2 class=\"wp-block-heading has-text-align-center\">Baterie<\/h2>\n\n\n\n<p>Opr\u00f3cz zasilaczy, portfolio Movano to chyba najwi\u0119kszy katalog wysokiej jako\u015bci baterii do laptop\u00f3w. W przypadku zapotrzebowania zapraszam do kontaktu.<\/p>\n\n\n\n<figure class=\"wp-block-image alignfull size-large\"><img loading=\"lazy\" decoding=\"async\" width=\"1024\" height=\"768\" src=\"https:\/\/new.abit.net.pl\/wp-content\/uploads\/2024\/10\/bateria-movano-1024x768.jpg\" alt=\"\" class=\"wp-image-518\" srcset=\"https:\/\/abit.net.pl\/wp-content\/uploads\/2024\/10\/bateria-movano-1024x768.jpg 1024w, https:\/\/abit.net.pl\/wp-content\/uploads\/2024\/10\/bateria-movano-300x225.jpg 300w, https:\/\/abit.net.pl\/wp-content\/uploads\/2024\/10\/bateria-movano-768x576.jpg 768w, https:\/\/abit.net.pl\/wp-content\/uploads\/2024\/10\/bateria-movano-1536x1152.jpg 1536w, https:\/\/abit.net.pl\/wp-content\/uploads\/2024\/10\/bateria-movano-2048x1536.jpg 2048w\" sizes=\"auto, (max-width: 1024px) 100vw, 1024px\" \/><\/figure>\n\n\n\n<p><\/p>\n","protected":false},"excerpt":{"rendered":"<p>D\u0105\u017c\u0105c do regularnego rozwoju swojej firmy mog\u0119 poinformowa\u0107 o tym, \u017ce zosta\u0142em oficjalnym Partnerem firmy ICO, w\u0142a\u015bciciela marki Movano. Dzi\u0119ki temu mog\u0119 Pa\u0144stwu zaoferowa\u0107 pe\u0142en wachlarz wysokich jako\u015bciowo zamiennych baterii &#8230;<\/p>\n","protected":false},"author":1,"featured_media":0,"parent":0,"menu_order":0,"comment_status":"closed","ping_status":"closed","template":"","meta":{"footnotes":""},"class_list":["post-511","page","type-page","status-publish","hentry"],"_links":{"self":[{"href":"https:\/\/abit.net.pl\/index.php\/wp-json\/wp\/v2\/pages\/511","targetHints":{"allow":["GET"]}}],"collection":[{"href":"https:\/\/abit.net.pl\/index.php\/wp-json\/wp\/v2\/pages"}],"about":[{"href":"https:\/\/abit.net.pl\/index.php\/wp-json\/wp\/v2\/types\/page"}],"author":[{"embeddable":true,"href":"https:\/\/abit.net.pl\/index.php\/wp-json\/wp\/v2\/users\/1"}],"replies":[{"embeddable":true,"href":"https:\/\/abit.net.pl\/index.php\/wp-json\/wp\/v2\/comments?post=511"}],"version-history":[{"count":4,"href":"https:\/\/abit.net.pl\/index.php\/wp-json\/wp\/v2\/pages\/511\/revisions"}],"predecessor-version":[{"id":527,"href":"https:\/\/abit.net.pl\/index.php\/wp-json\/wp\/v2\/pages\/511\/revisions\/527"}],"wp:attachment":[{"href":"https:\/\/abit.net.pl\/index.php\/wp-json\/wp\/v2\/media?parent=511"}],"curies":[{"name":"wp","href":"https:\/\/api.w.org\/{rel}","templated":true}]}}