{"id":615,"date":"2025-04-02T12:56:34","date_gmt":"2025-04-02T12:56:34","guid":{"rendered":"https:\/\/new.abit.net.pl\/?page_id=615"},"modified":"2025-04-02T13:00:44","modified_gmt":"2025-04-02T13:00:44","slug":"ntt-system","status":"publish","type":"page","link":"https:\/\/abit.net.pl\/index.php\/ntt-system\/","title":{"rendered":"NTT System"},"content":{"rendered":"\n<p><strong>NTT System S.A.<\/strong>\u00a0jest najwi\u0119kszym, polskim producentem komputer\u00f3w stacjonarnych, dostarczanych pod mark\u0105 w\u0142asn\u0105,\u00a0jak i markami zleconymi. Sp\u00f3\u0142ka nale\u017cy do grona czo\u0142owych dystrybutor\u00f3w akcesori\u00f3w, podzespo\u0142\u00f3w oraz urz\u0105dze\u0144 peryferyjnych\u00a0w Polsce.\u00a0Funkcjonuj\u0105c\u00a0na rynku\u00a0IT od ponad\u00a035 lat, NTT System \u00a0jest jednym\u00a0z najbardziej\u00a0do\u015bwiadczonych polskich przedsi\u0119biorstw\u00a0w bran\u017cy.<\/p>\n\n\n\n<p class=\"has-text-align-left\"><strong>Nowo\u015bci\u0105 w ofercie NTT s\u0105 wysokiej jako\u015bci laptopy serii NTT Book w wersjach 14- i 15-calowych, z zainstalowanym systemem Microsoft Windows 11 w jednej z trzech opcji:<\/strong><\/p>\n\n\n\n<ul class=\"wp-block-list\">\n<li>Microsoft Windows 11 Home<\/li>\n\n\n\n<li>Microsoft Windows 11 Professional<\/li>\n\n\n\n<li>Microsoft Windows 11 Professional Education*<br>*W przypadku wersji edukacyjnej oprogramowania, Licencjobiorca w chwili zakupu musi by\u0107 uczniem\/studentem, pracownikiem naukowym lub administracyjnym instytucji edukacyjnej<\/li>\n<\/ul>\n\n\n\n<p class=\"has-text-align-center\"> <\/p>\n\n\n\n<div class=\"wp-block-columns is-layout-flex wp-container-core-columns-is-layout-9d6595d7 wp-block-columns-is-layout-flex\">\n<div class=\"wp-block-column is-layout-flow wp-block-column-is-layout-flow\">\n<figure class=\"wp-block-image size-full\"><img loading=\"lazy\" decoding=\"async\" width=\"472\" height=\"159\" src=\"https:\/\/new.abit.net.pl\/wp-content\/uploads\/2025\/04\/HIRONB_OP_LOGOBX151_N.png\" alt=\"\" class=\"wp-image-616\" srcset=\"https:\/\/abit.net.pl\/wp-content\/uploads\/2025\/04\/HIRONB_OP_LOGOBX151_N.png 472w, https:\/\/abit.net.pl\/wp-content\/uploads\/2025\/04\/HIRONB_OP_LOGOBX151_N-300x101.png 300w\" sizes=\"auto, (max-width: 472px) 100vw, 472px\" \/><\/figure>\n<\/div>\n\n\n\n<div class=\"wp-block-column is-layout-flow wp-block-column-is-layout-flow\">\n<figure class=\"wp-block-image size-full\"><img loading=\"lazy\" decoding=\"async\" width=\"472\" height=\"159\" src=\"https:\/\/new.abit.net.pl\/wp-content\/uploads\/2025\/04\/HIRONB_OP_LOGOP15_N.png\" alt=\"\" class=\"wp-image-617\" srcset=\"https:\/\/abit.net.pl\/wp-content\/uploads\/2025\/04\/HIRONB_OP_LOGOP15_N.png 472w, https:\/\/abit.net.pl\/wp-content\/uploads\/2025\/04\/HIRONB_OP_LOGOP15_N-300x101.png 300w\" sizes=\"auto, (max-width: 472px) 100vw, 472px\" \/><\/figure>\n<\/div>\n<\/div>\n\n\n\n<figure class=\"wp-block-image size-full\"><img loading=\"lazy\" decoding=\"async\" width=\"994\" height=\"780\" src=\"https:\/\/new.abit.net.pl\/wp-content\/uploads\/2025\/04\/laptop-ntt-book-b14ip-2a.jpg\" alt=\"\" class=\"wp-image-624\" srcset=\"https:\/\/abit.net.pl\/wp-content\/uploads\/2025\/04\/laptop-ntt-book-b14ip-2a.jpg 994w, https:\/\/abit.net.pl\/wp-content\/uploads\/2025\/04\/laptop-ntt-book-b14ip-2a-300x235.jpg 300w, https:\/\/abit.net.pl\/wp-content\/uploads\/2025\/04\/laptop-ntt-book-b14ip-2a-768x603.jpg 768w\" sizes=\"auto, (max-width: 994px) 100vw, 994px\" \/><figcaption class=\"wp-element-caption\">NTT Book B14IP<\/figcaption><\/figure>\n\n\n\n<h2 class=\"wp-block-heading\"><strong>Mobilna moc<\/strong><\/h2>\n\n\n\n<p>Laptopy NTT\u00ae Book, oparte na procesorach Intel, dedykowane s\u0105 dla u\u017cytkownik\u00f3w poszukuj\u0105cych zaawansowanych rozwi\u0105za\u0144 w korzystnej cenie. To najwy\u017cszej klasy komputer przeno\u015bny przeznaczony do zastosowa\u0144 biurowych i domowych. Zastosowanie wysokiej klasy komponent\u00f3w, starannie dobrana i przetestowana konfiguracja, gwarantuje wysokie walory u\u017cytkowe sprz\u0119tu.\u00a0\u00a0<\/p>\n\n\n\n<h2 class=\"wp-block-heading\"><strong>Wysoka jako\u015b\u0107<\/strong><\/h2>\n\n\n\n<p>Ciesz si\u0119 najwy\u017csz\u0105 jako\u015bci\u0105 wykonania dost\u0119pn\u0105 na rynku. Niska waga pozwala na \u0142atwe przenoszenie urz\u0105dzenia. Laptopy s\u0105 wyposa\u017cone w czytnik kart pami\u0119ci, porty USB 3.2\u00a0i USB-C, z\u0142\u0105cze Ethernet, Wi-Fi, wbudowan\u0105 kamer\u0119 i g\u0142o\u015bniki, oferuj\u0105c narz\u0119dzia do efektywnej pracy.<\/p>\n\n\n\n<h2 class=\"wp-block-heading\"><strong>Niezawodna efektywno\u015b\u0107<\/strong><\/h2>\n\n\n\n<p>Laptopy NTT zosta\u0142y wyposa\u017cone w procesory\u00a0 Intel\u00ae Core\u2122 dwunastej generacji, zapewniaj\u0105ce wysok\u0105 wydajno\u015b\u0107 i niezawodne dzia\u0142anie. Wyposa\u017cone w zintegrowany uk\u0142ad graficzny Intel\u00ae UHD Graphics pozwalaj\u0105c\u0105 cieszy\u0107 si\u0119 znakomitej jako\u015bci obrazem. Odtwarzaj filmy w jako\u015bci 4K i zyskaj jako\u015b\u0107 jak\u0105 potrzebujesz do pracy.<\/p>\n\n\n\n<figure class=\"wp-block-image size-large\"><img loading=\"lazy\" decoding=\"async\" width=\"1024\" height=\"682\" src=\"https:\/\/new.abit.net.pl\/wp-content\/uploads\/2025\/04\/laptop-ntt-book-b15ip-4-1024x682.jpg\" alt=\"\" class=\"wp-image-623\" srcset=\"https:\/\/abit.net.pl\/wp-content\/uploads\/2025\/04\/laptop-ntt-book-b15ip-4-1024x682.jpg 1024w, https:\/\/abit.net.pl\/wp-content\/uploads\/2025\/04\/laptop-ntt-book-b15ip-4-300x200.jpg 300w, https:\/\/abit.net.pl\/wp-content\/uploads\/2025\/04\/laptop-ntt-book-b15ip-4-768x511.jpg 768w, https:\/\/abit.net.pl\/wp-content\/uploads\/2025\/04\/laptop-ntt-book-b15ip-4-1536x1022.jpg 1536w, https:\/\/abit.net.pl\/wp-content\/uploads\/2025\/04\/laptop-ntt-book-b15ip-4.jpg 1935w\" sizes=\"auto, (max-width: 1024px) 100vw, 1024px\" \/><figcaption class=\"wp-element-caption\">NTT Book B15IP<\/figcaption><\/figure>\n\n\n\n<h2 class=\"wp-block-heading\"><strong>Solidne wykonanie<\/strong><\/h2>\n\n\n\n<p>Laptopy\u00a0NTT Book poza wysokiej jako\u015bci ekranem oferuj\u0105 te\u017c solidn\u0105 obudow\u0119, kt\u00f3ra nie tylko zapewnia trwa\u0142o\u015b\u0107 obudowy ale te\u017c pi\u0119knie si\u0119 prezentuje. Zastosowanie materia\u0142\u00f3w to wielki atut ca\u0142ej konstrukcji w kwestii jako\u015bci i sprawia, \u017ce klapa ekranu jest bardzo sztywna i solidna.<\/p>\n\n\n\n<h2 class=\"wp-block-heading\"><strong>Pod\u015bwietlane klawisze<\/strong><\/h2>\n\n\n\n<p>Klawiatura posiada pod\u015bwietlane klawisze, zapewniaj\u0105c widoczno\u015b\u0107 klawiszy w ciemno\u015bci lub przy s\u0142abym o\u015bwietleniu sprawiaj\u0105c, \u017ce ka\u017cdy klawisz b\u0119dzie widoczny o ka\u017cdej porze dnia i nocy. Pod\u015bwietlenie poza u\u0142atwieniem pracy, sprawia r\u00f3wnie\u017c \u017ce laptop dobrze si\u0119 prezentuje, nadaj\u0105c mu nowoczesny design.<\/p>\n\n\n\n<h2 class=\"wp-block-heading\"><strong>Czas pracy do 10 godzin<\/strong><\/h2>\n\n\n\n<p>Nie martw si\u0119 o bateri\u0119. Laptop NTT Book jest wyposa\u017cony w akumulator o pojemno\u015bci 58 Wh, kt\u00f3ry zapewnia do 10 godzin czasu pracy na jednym \u0142adowaniu*, pozwalaj\u0105c pracowa\u0107 w podr\u00f3\u017cy.<br><br><em>*w zale\u017cno\u015bci od obci\u0105\u017cenia i sposobu u\u017cytkowania &#8211; okre\u015blony w przypadku pracy na niskim obci\u0105\u017ceniu urz\u0105dzenia z w\u0142\u0105czonymi jedynie funkcjami koniecznymi do pracy laptopa<\/em><\/p>\n\n\n\n<div class=\"wp-block-columns is-layout-flex wp-container-core-columns-is-layout-9d6595d7 wp-block-columns-is-layout-flex\">\n<div class=\"wp-block-column is-layout-flow wp-block-column-is-layout-flow\">\n<figure class=\"wp-block-image size-full\"><img loading=\"lazy\" decoding=\"async\" width=\"1000\" height=\"1000\" src=\"https:\/\/new.abit.net.pl\/wp-content\/uploads\/2025\/04\/laptop-ntt-book-b15ip-3.jpg\" alt=\"\" class=\"wp-image-629\" srcset=\"https:\/\/abit.net.pl\/wp-content\/uploads\/2025\/04\/laptop-ntt-book-b15ip-3.jpg 1000w, https:\/\/abit.net.pl\/wp-content\/uploads\/2025\/04\/laptop-ntt-book-b15ip-3-300x300.jpg 300w, https:\/\/abit.net.pl\/wp-content\/uploads\/2025\/04\/laptop-ntt-book-b15ip-3-150x150.jpg 150w, https:\/\/abit.net.pl\/wp-content\/uploads\/2025\/04\/laptop-ntt-book-b15ip-3-768x768.jpg 768w\" sizes=\"auto, (max-width: 1000px) 100vw, 1000px\" \/><figcaption class=\"wp-element-caption\">NTT Book B15IP<\/figcaption><\/figure>\n<\/div>\n\n\n\n<div class=\"wp-block-column is-layout-flow wp-block-column-is-layout-flow\">\n<figure class=\"wp-block-image size-full\"><img loading=\"lazy\" decoding=\"async\" width=\"1000\" height=\"1000\" src=\"https:\/\/new.abit.net.pl\/wp-content\/uploads\/2025\/04\/laptop-ntt-book-b15ip-2.jpg\" alt=\"\" class=\"wp-image-628\" srcset=\"https:\/\/abit.net.pl\/wp-content\/uploads\/2025\/04\/laptop-ntt-book-b15ip-2.jpg 1000w, https:\/\/abit.net.pl\/wp-content\/uploads\/2025\/04\/laptop-ntt-book-b15ip-2-300x300.jpg 300w, https:\/\/abit.net.pl\/wp-content\/uploads\/2025\/04\/laptop-ntt-book-b15ip-2-150x150.jpg 150w, https:\/\/abit.net.pl\/wp-content\/uploads\/2025\/04\/laptop-ntt-book-b15ip-2-768x768.jpg 768w\" sizes=\"auto, (max-width: 1000px) 100vw, 1000px\" \/><figcaption class=\"wp-element-caption\">NTT Book 15IP<\/figcaption><\/figure>\n<\/div>\n<\/div>\n\n\n\n<h2 class=\"wp-block-heading\"><strong>Maksymalna efektywno\u015b\u0107<\/strong><\/h2>\n\n\n\n<p>W laptopach NTT Book znajdziesz procesor Intel\u00ae Core\u2122 i5, kt\u00f3ry pozwala sprawnie realizowa\u0107 zadania biznesowe. Zastosowanie najnowszych technologii Intel pozwala w pe\u0142ni wykorzysta\u0107 moc procesora, oferuj\u0105c niesamowite przyspieszenie AI oraz d\u0142ugi czas pracy na baterii. Procesor Intel\u00ae Core\u2122, dwunastej generacji zapewni moc obliczeniow\u0105 potrzebn\u0105 do p\u0142ynnego oraz stabilnego dzia\u0142ania systemu i aplikacji. Oferuje wysok\u0105 maksymaln\u0105 cz\u0119stotliwo\u015b\u0107 taktowania 4.4 GHz. Zintegrowany uk\u0142ad graficzny Intel\u00ae UHD Graphics, umo\u017cliwia ogl\u0105danie film\u00f3w w wysokiej jako\u015bci 4K, oraz bezproblemow\u0105 edycj\u0119 zdj\u0119\u0107 i film\u00f3w. Uk\u0142ad graficzny korzysta z zaawansowanych technologii Intel, by zapewni\u0107 doskona\u0142y obraz.<\/p>\n\n\n\n<p>Laptopy NTT Book to najlepszy wyb\u00f3r, je\u017celi poszukujesz laptopa, kt\u00f3ry pozwala na wygodn\u0105 i efektywn\u0105 prac\u0119 w ka\u017cdym miejscu. Niska waga 1,4 kg i p\u0142aska konstrukcja o grubo\u015bci 18,1 mm pozwala zabra\u0107 go ze sob\u0105 w dowolne miejsce. Laptop wyposa\u017cony jest w porty USB 3.2 i USB-C umo\u017cliwiaj\u0105ce pod\u0142\u0105czenie potrzebnych urz\u0105dze\u0144 peryferyjnych. Z\u0142\u0105cze HDMI pozwala wy\u015bwietli\u0107 obraz na zewn\u0119trznych ekranach. Wbudowana kamera i g\u0142o\u015bniki pozwalaj\u0105 uczestniczy\u0107 w wideokonferencjach.<\/p>\n\n\n\n<figure class=\"wp-block-image size-full\"><img loading=\"lazy\" decoding=\"async\" width=\"1000\" height=\"1000\" src=\"https:\/\/new.abit.net.pl\/wp-content\/uploads\/2025\/04\/laptop-ntt-book-b14ip-3.jpg\" alt=\"\" class=\"wp-image-630\" srcset=\"https:\/\/abit.net.pl\/wp-content\/uploads\/2025\/04\/laptop-ntt-book-b14ip-3.jpg 1000w, https:\/\/abit.net.pl\/wp-content\/uploads\/2025\/04\/laptop-ntt-book-b14ip-3-300x300.jpg 300w, https:\/\/abit.net.pl\/wp-content\/uploads\/2025\/04\/laptop-ntt-book-b14ip-3-150x150.jpg 150w, https:\/\/abit.net.pl\/wp-content\/uploads\/2025\/04\/laptop-ntt-book-b14ip-3-768x768.jpg 768w\" sizes=\"auto, (max-width: 1000px) 100vw, 1000px\" \/><figcaption class=\"wp-element-caption\">NTT Book B14IP<\/figcaption><\/figure>\n\n\n\n<h2 class=\"wp-block-heading\"><strong>100% funkcjonalno\u015bci z systemem Windows 11<\/strong><\/h2>\n\n\n\n<p>Laptopy NTT Book posiadaj\u0105 zainstalowany, oryginalny system Windows 11 z jego pe\u0142n\u0105 funkcjonalno\u015bci\u0105, oferuj\u0105cy funkcje przydatne szczeg\u00f3lnie przy obs\u0142udze multimedi\u00f3w. Jest to najbardziej aktualny na rynku system operacyjny, gwarantuj\u0105cy pe\u0142n\u0105 zgodno\u015b\u0107 z podzespo\u0142ami komputera i najnowszymi grami kt\u00f3re pojawiaj\u0105 si\u0119 na rynku. Niezwykle prosta i intuicyjna obs\u0142uga wszystkich funkcji laptopa to bardzo wa\u017cny argument za wyborem laptopa z systemem Windows 11. Jednocze\u015bnie otrzymujesz sprz\u0119t na bie\u017c\u0105co aktualizowany o wszelkie pakiety bezpiecze\u0144stwa przeciw wirusom komputerowym.<\/p>\n\n\n\n<h2 class=\"wp-block-heading\"><strong>Po\u0142\u0105cz si\u0119 ze \u015bwiatem dzi\u0119ki WIFI<\/strong><\/h2>\n\n\n\n<p>Poza preinstalowanym w laptopie z\u0142\u0105czem internetowym Ethernet, laptopy NTT Book posiadaj\u0105 tak\u017ce modu\u0142 \u0142\u0105czno\u015bci bezprzewodowej WIFI. Wysoka przepustowo\u015b\u0107 wbudowanej karty sieciowej WIFI gwarantuje stabilne i szybkie po\u0142\u0105czenie z Twoj\u0105 sieci\u0105, kt\u00f3re jest niezb\u0119dne do p\u0142ynnej pracy oraz uczestniczenia w wideokonferencjach, bez wyst\u0119powania problem\u00f3w z transmisj\u0105 obrazu i d\u017awi\u0119ku.<\/p>\n","protected":false},"excerpt":{"rendered":"<p>NTT System S.A.\u00a0jest najwi\u0119kszym, polskim producentem komputer\u00f3w stacjonarnych, dostarczanych pod mark\u0105 w\u0142asn\u0105,\u00a0jak i markami zleconymi. Sp\u00f3\u0142ka nale\u017cy do grona czo\u0142owych dystrybutor\u00f3w akcesori\u00f3w, podzespo\u0142\u00f3w oraz urz\u0105dze\u0144 peryferyjnych\u00a0w Polsce.\u00a0Funkcjonuj\u0105c\u00a0na rynku\u00a0IT od ponad\u00a035 &#8230;<\/p>\n","protected":false},"author":1,"featured_media":0,"parent":0,"menu_order":0,"comment_status":"closed","ping_status":"closed","template":"","meta":{"footnotes":""},"class_list":["post-615","page","type-page","status-publish","hentry"],"_links":{"self":[{"href":"https:\/\/abit.net.pl\/index.php\/wp-json\/wp\/v2\/pages\/615","targetHints":{"allow":["GET"]}}],"collection":[{"href":"https:\/\/abit.net.pl\/index.php\/wp-json\/wp\/v2\/pages"}],"about":[{"href":"https:\/\/abit.net.pl\/index.php\/wp-json\/wp\/v2\/types\/page"}],"author":[{"embeddable":true,"href":"https:\/\/abit.net.pl\/index.php\/wp-json\/wp\/v2\/users\/1"}],"replies":[{"embeddable":true,"href":"https:\/\/abit.net.pl\/index.php\/wp-json\/wp\/v2\/comments?post=615"}],"version-history":[{"count":9,"href":"https:\/\/abit.net.pl\/index.php\/wp-json\/wp\/v2\/pages\/615\/revisions"}],"predecessor-version":[{"id":636,"href":"https:\/\/abit.net.pl\/index.php\/wp-json\/wp\/v2\/pages\/615\/revisions\/636"}],"wp:attachment":[{"href":"https:\/\/abit.net.pl\/index.php\/wp-json\/wp\/v2\/media?parent=615"}],"curies":[{"name":"wp","href":"https:\/\/api.w.org\/{rel}","templated":true}]}}