{"id":64,"date":"2021-01-29T15:29:28","date_gmt":"2021-01-29T15:29:28","guid":{"rendered":"https:\/\/new.abit.net.pl\/?page_id=64"},"modified":"2024-05-14T14:09:53","modified_gmt":"2024-05-14T14:09:53","slug":"pomoc-zdalna","status":"publish","type":"page","link":"https:\/\/abit.net.pl\/index.php\/pomoc-zdalna\/","title":{"rendered":"Pomoc zdalna"},"content":{"rendered":"\n<p>Firma ABIT \u0141ukasz Bednarz umo\u017cliwia zdaln\u0105 pomoc w rozwi\u0105zywaniu problem\u00f3w. Po stronie Klienta niezb\u0119dne jest tylko sprawne \u0142\u0105cze internetowe. Aby umo\u017cliwi\u0107 po\u0142\u0105czenie zdalne nale\u017cy pobra\u0107 oprogramowanie dost\u0119pne pod poni\u017cej udost\u0119pnionym linkiem, a nast\u0119pnie uruchomi\u0107 je na swoim komputerze.<\/p>\n\n\n\n<p><strong>Koszt pomocy zdalnej to 70 z\u0142 netto (86,10 z\u0142 brutto) za ka\u017cde rozpocz\u0119te 30 minut po\u0142\u0105czenia.<\/strong><\/p>\n\n\n\n<p>Pobranie oprogramowania oznacza zgod\u0119 na powy\u017csze warunki.<\/p>\n\n\n\n<p class=\"has-x-large-font-size\"><strong><a rel=\"noreferrer noopener\" href=\"https:\/\/www.898.tv\/abit-qs\" target=\"_blank\">POBIERZ TEAMVIEWER<\/a><\/strong><\/p>\n","protected":false},"excerpt":{"rendered":"<p>Firma ABIT \u0141ukasz Bednarz umo\u017cliwia zdaln\u0105 pomoc w rozwi\u0105zywaniu problem\u00f3w. Po stronie Klienta niezb\u0119dne jest tylko sprawne \u0142\u0105cze internetowe. Aby umo\u017cliwi\u0107 po\u0142\u0105czenie zdalne nale\u017cy pobra\u0107 oprogramowanie dost\u0119pne pod poni\u017cej udost\u0119pnionym &#8230;<\/p>\n","protected":false},"author":1,"featured_media":0,"parent":0,"menu_order":0,"comment_status":"closed","ping_status":"closed","template":"","meta":{"footnotes":""},"class_list":["post-64","page","type-page","status-publish","hentry"],"_links":{"self":[{"href":"https:\/\/abit.net.pl\/index.php\/wp-json\/wp\/v2\/pages\/64","targetHints":{"allow":["GET"]}}],"collection":[{"href":"https:\/\/abit.net.pl\/index.php\/wp-json\/wp\/v2\/pages"}],"about":[{"href":"https:\/\/abit.net.pl\/index.php\/wp-json\/wp\/v2\/types\/page"}],"author":[{"embeddable":true,"href":"https:\/\/abit.net.pl\/index.php\/wp-json\/wp\/v2\/users\/1"}],"replies":[{"embeddable":true,"href":"https:\/\/abit.net.pl\/index.php\/wp-json\/wp\/v2\/comments?post=64"}],"version-history":[{"count":3,"href":"https:\/\/abit.net.pl\/index.php\/wp-json\/wp\/v2\/pages\/64\/revisions"}],"predecessor-version":[{"id":446,"href":"https:\/\/abit.net.pl\/index.php\/wp-json\/wp\/v2\/pages\/64\/revisions\/446"}],"wp:attachment":[{"href":"https:\/\/abit.net.pl\/index.php\/wp-json\/wp\/v2\/media?parent=64"}],"curies":[{"name":"wp","href":"https:\/\/api.w.org\/{rel}","templated":true}]}}