{"id":66,"date":"2021-01-29T15:30:06","date_gmt":"2021-01-29T15:30:06","guid":{"rendered":"https:\/\/new.abit.net.pl\/?page_id=66"},"modified":"2023-02-15T08:27:29","modified_gmt":"2023-02-15T08:27:29","slug":"rodo","status":"publish","type":"page","link":"https:\/\/abit.net.pl\/index.php\/rodo\/","title":{"rendered":"RODO"},"content":{"rendered":"\n<p>Na podstawie art. 13 Rozporz\u0105dzenia Parlamentu Europejskiego i Rady (UE) 2016\/679 z dnia 27 kwietnia 2016 r. w sprawie ochrony os\u00f3b fizycznych w zwi\u0105zku z przetwarzaniem danych osobowych i w sprawie swobodnego przep\u0142ywu takich danych oraz uchylenia dyrektywy 95\/46\/WE (og\u00f3lne rozporz\u0105dzenie o ochronie danych) (Dz.U. UE z 2016 r., poz. 119) informuj\u0119, \u017ce:<\/p>\n\n\n\n<ol class=\"wp-block-list\">\n<li>Administratorem Pana\/Pani danych osobowych jest: ABIT \u0141ukasz Bednarz Administracja Bezpiecze\u0144stwem Informacji i Outsourcing IT, kontakt:\u00a0<a href=\"mailto:biuro@abit.net.pl\">biuro@abit.net.pl<\/a><\/li>\n\n\n\n<li>Administrator nie wyznaczy\u0142 Inspektora Ochrony Danych.<\/li>\n\n\n\n<li>Pa\u0144stwa dane b\u0119d\u0105 przetwarzane na podstawie art. 6 ust. 1 lit. a, b lub c RODO w celu realizacji us\u0142ug, sprzeda\u017cy b\u0105d\u017a um\u00f3w w zwi\u0105zku z dzia\u0142alno\u015bci\u0105 firmy.<\/li>\n\n\n\n<li>Odbiorc\u0105 Pa\u0144stwa danych mog\u0105 by\u0107 podmioty uprawnione z mocy prawa oraz podmioty przetwarzaj\u0105ce w rozumieniu art. 28 RODO na podstawie zawartych um\u00f3w powierzenia przetwarzania danych osobowych. Aktualny wykaz podmiot\u00f3w przetwarzaj\u0105cych Administrator udost\u0119pnia na \u017c\u0105danie w swojej siedzibie.<\/li>\n\n\n\n<li>Pa\u0144stwa dane b\u0119d\u0105 przetwarzane przez okres niezb\u0119dny dla spe\u0142nienia wymog\u00f3w prawa, w szczeg\u00f3lno\u015bci wype\u0142nienia obowi\u0105zk\u00f3w wynikaj\u0105cych z przepis\u00f3w podatkowych. W przypadku przetwarzania Pa\u0144stwa danych na podstawie zgody na przetwarzanie danych dane b\u0119d\u0105 przetwarzane do czasu ustania celu przetwarzania b\u0105d\u017a odwo\u0142ania zgody na przetwarzanie danych osobowych.<\/li>\n\n\n\n<li>Posiadaj\u0105 Pa\u0144stwo prawo do \u017c\u0105dania od Administratora dost\u0119pu do swoich danych osobowych, ich sprostowania, usuni\u0119cia (w przypadku przetwarzania na podstawie zgody), ograniczenia przetwarzania, przeniesienia danych do innego Administratora oraz sprzeciwu wobec przetwarzania danych.<\/li>\n\n\n\n<li>Posiadaj\u0105 Pa\u0144stwo prawo do wniesienia skargi organu nadzorczego, kt\u00f3rym jest Prezes Urz\u0119du Ochrony Danych Osobowych.<\/li>\n\n\n\n<li>Podanie danych jest dobrowolne, aczkolwiek konieczne w celu umo\u017cliwienia realizacji czynno\u015bci wskazanych w pkt. 3. W przypadku niepodania danych ich wykonanie mo\u017ce nie by\u0107 mo\u017cliwe.<\/li>\n<\/ol>\n\n\n\n<p>Wodzis\u0142aw \u015al\u0105ski, 18 czerwca 2018 r.<\/p>\n","protected":false},"excerpt":{"rendered":"<p>Na podstawie art. 13 Rozporz\u0105dzenia Parlamentu Europejskiego i Rady (UE) 2016\/679 z dnia 27 kwietnia 2016 r. w sprawie ochrony os\u00f3b fizycznych w zwi\u0105zku z przetwarzaniem danych osobowych i w &#8230;<\/p>\n","protected":false},"author":1,"featured_media":0,"parent":0,"menu_order":0,"comment_status":"closed","ping_status":"closed","template":"","meta":{"footnotes":""},"class_list":["post-66","page","type-page","status-publish","hentry"],"_links":{"self":[{"href":"https:\/\/abit.net.pl\/index.php\/wp-json\/wp\/v2\/pages\/66","targetHints":{"allow":["GET"]}}],"collection":[{"href":"https:\/\/abit.net.pl\/index.php\/wp-json\/wp\/v2\/pages"}],"about":[{"href":"https:\/\/abit.net.pl\/index.php\/wp-json\/wp\/v2\/types\/page"}],"author":[{"embeddable":true,"href":"https:\/\/abit.net.pl\/index.php\/wp-json\/wp\/v2\/users\/1"}],"replies":[{"embeddable":true,"href":"https:\/\/abit.net.pl\/index.php\/wp-json\/wp\/v2\/comments?post=66"}],"version-history":[{"count":4,"href":"https:\/\/abit.net.pl\/index.php\/wp-json\/wp\/v2\/pages\/66\/revisions"}],"predecessor-version":[{"id":239,"href":"https:\/\/abit.net.pl\/index.php\/wp-json\/wp\/v2\/pages\/66\/revisions\/239"}],"wp:attachment":[{"href":"https:\/\/abit.net.pl\/index.php\/wp-json\/wp\/v2\/media?parent=66"}],"curies":[{"name":"wp","href":"https:\/\/api.w.org\/{rel}","templated":true}]}}