{"id":677,"date":"2025-12-05T16:05:09","date_gmt":"2025-12-05T16:05:09","guid":{"rendered":"https:\/\/abit.net.pl\/?page_id=677"},"modified":"2025-12-05T16:05:09","modified_gmt":"2025-12-05T16:05:09","slug":"verotech","status":"publish","type":"page","link":"https:\/\/abit.net.pl\/index.php\/verotech\/","title":{"rendered":"VeroTech"},"content":{"rendered":"\n<figure class=\"wp-block-image size-full\"><img loading=\"lazy\" decoding=\"async\" width=\"1024\" height=\"200\" src=\"https:\/\/abit.net.pl\/wp-content\/uploads\/2025\/12\/verotech__logo_new.png\" alt=\"\" class=\"wp-image-678\" srcset=\"https:\/\/abit.net.pl\/wp-content\/uploads\/2025\/12\/verotech__logo_new.png 1024w, https:\/\/abit.net.pl\/wp-content\/uploads\/2025\/12\/verotech__logo_new-300x59.png 300w, https:\/\/abit.net.pl\/wp-content\/uploads\/2025\/12\/verotech__logo_new-768x150.png 768w\" sizes=\"auto, (max-width: 1024px) 100vw, 1024px\" \/><\/figure>\n\n\n\n<p>VeroTech<strong> <\/strong>to<strong> polska marka <\/strong>ergonomicznych urz\u0105dze\u0144 biurowych, kt\u00f3ra szturmem zdobywa rynek oferuj\u0105c najwy\u017cszej jako\u015bci elementy wyposa\u017cenia biura. W\u015br\u00f3d produkt\u00f3w sygnowanych mark\u0105 VeroTech s\u0105:<\/p>\n\n\n\n<ul class=\"wp-block-list\">\n<li>niszczarki, laminatory, bindownice, gilotyny i trymery oraz materia\u0142y eksploatacyjne do niszczarek, laminator\u00f3w i bindownic;<\/li>\n\n\n\n<li>podn\u00f3\u017cki, podk\u0142adki i pod\u0142okietniki, podstawki pod monitor i laptopa, &#8222;stopy s\u0142onia&#8221;;<\/li>\n\n\n\n<li>szafki na klucze, kasetki na pieni\u0105dze, skrzynki pocztowe, sejfy i skarbonki;<\/li>\n\n\n\n<li>wentylatory kominowe, kosze na \u015bmieci, zgrzewarki pr\u00f3\u017cniowe.<\/li>\n<\/ul>\n\n\n\n<p>Na szczeg\u00f3ln\u0105 uwag\u0119 zas\u0142uguje linia ultra cichych niszczarek dokument\u00f3w VeroTech Ultra Silence. Wed\u0142ug danych katalogowych poziom emitowanego przez nie ha\u0142asu to <strong>zaledwie 40 dB (!)<\/strong> co odpowiada g\u0142o\u015bno\u015bci pracuj\u0105cej lod\u00f3wki. Sprawdzi\u0142em, jestem posiadaczem modelu VeroTech VS-3015CC Ultra Silence i jest naprawd\u0119 dobrze. Je\u017celi szukasz naprawd\u0119 cichego urz\u0105dzenia ta niszczarka jest godna szczeg\u00f3lnego polecenia. Modelem o tym samym poziomie g\u0142o\u015bno\u015bci ale nieco wi\u0119kszej wydajno\u015bci jest model VeroTech VS-3018CC Ultra Silence. Szczeg\u00f3\u0142y produktowe oraz galeria produktowa poni\u017cej.<\/p>\n\n\n\n<div class=\"wp-block-columns is-layout-flex wp-container-core-columns-is-layout-9d6595d7 wp-block-columns-is-layout-flex\">\n<div class=\"wp-block-column is-layout-flow wp-block-column-is-layout-flow\">\n<figure class=\"wp-block-image size-large\"><a href=\"https:\/\/abit.net.pl\/wp-content\/uploads\/2025\/12\/broszura_VEROTECH_VS-3015CC_final.pdf\" target=\"_blank\" rel=\" noreferrer noopener\"><img loading=\"lazy\" decoding=\"async\" width=\"724\" height=\"1024\" src=\"https:\/\/abit.net.pl\/wp-content\/uploads\/2025\/12\/VS-3015CC-724x1024.png\" alt=\"\" class=\"wp-image-681\" srcset=\"https:\/\/abit.net.pl\/wp-content\/uploads\/2025\/12\/VS-3015CC-724x1024.png 724w, https:\/\/abit.net.pl\/wp-content\/uploads\/2025\/12\/VS-3015CC-212x300.png 212w, https:\/\/abit.net.pl\/wp-content\/uploads\/2025\/12\/VS-3015CC-768x1086.png 768w, https:\/\/abit.net.pl\/wp-content\/uploads\/2025\/12\/VS-3015CC-1086x1536.png 1086w, https:\/\/abit.net.pl\/wp-content\/uploads\/2025\/12\/VS-3015CC.png 1106w\" sizes=\"auto, (max-width: 724px) 100vw, 724px\" \/><\/a><\/figure>\n<\/div>\n\n\n\n<div class=\"wp-block-column is-layout-flow wp-block-column-is-layout-flow\">\n<figure class=\"wp-block-image size-large\"><a href=\"https:\/\/abit.net.pl\/wp-content\/uploads\/2025\/12\/broszura_VEROTECH_VS-3018CC_final.pdf\" target=\"_blank\" rel=\" noreferrer noopener\"><img loading=\"lazy\" decoding=\"async\" width=\"724\" height=\"1024\" src=\"https:\/\/abit.net.pl\/wp-content\/uploads\/2025\/12\/VS-3018CC-724x1024.png\" alt=\"\" class=\"wp-image-682\" srcset=\"https:\/\/abit.net.pl\/wp-content\/uploads\/2025\/12\/VS-3018CC-724x1024.png 724w, https:\/\/abit.net.pl\/wp-content\/uploads\/2025\/12\/VS-3018CC-212x300.png 212w, https:\/\/abit.net.pl\/wp-content\/uploads\/2025\/12\/VS-3018CC-768x1086.png 768w, https:\/\/abit.net.pl\/wp-content\/uploads\/2025\/12\/VS-3018CC-1086x1536.png 1086w, https:\/\/abit.net.pl\/wp-content\/uploads\/2025\/12\/VS-3018CC.png 1136w\" sizes=\"auto, (max-width: 724px) 100vw, 724px\" \/><\/a><\/figure>\n<\/div>\n<\/div>\n\n\n<style>#jtg-700 .modula-item .jtg-social a, .lightbox-socials.jtg-social a{ fill: #ffffff; color: #ffffff }#jtg-700 .modula-item .jtg-social-expandable a, #jtg-700 .modula-item .jtg-social-expandable-icons a{ fill: #ffffff; color: #ffffff }#jtg-700 .modula-item .jtg-social svg, .lightbox-socials.jtg-social svg { height: 16px; width: 16px }#jtg-700 .modula-item .jtg-social-expandable svg { height: 16px; width: 16px }#jtg-700 .modula-item .jtg-social-expandable-icons svg { height: 16px; width: 16px }#jtg-700 .modula-item .jtg-social a:not(:last-child), .lightbox-socials.jtg-social a:not(:last-child) { margin-right: 10px }#jtg-700 .modula-item .jtg-social-expandable-icons { gap: 10px }#jtg-700 .modula-item .no-socials{ display:none; }#jtg-700 .modula-item .figc {color:#ffffff;}#jtg-700 .modula-item .figc .jtg-title {  font-size: 24px; }#jtg-700 .modula-item .modula-item-content { transform: scale(1); }#jtg-700 { width:100%;}#jtg-700 .modula-items .figc p.description { font-size:16px; }#jtg-700 .modula-items .figc p.description { color:#ffffff;}#jtg-700 .modula-items .figc .jtg-title { color:#ffffff; }#jtg-700.modula-gallery .modula-item > a, #jtg-700.modula-gallery .modula-item, #jtg-700.modula-gallery .modula-item-content > a:not(.modula-no-follow) { cursor:zoom-in; } #jtg-700.modula-gallery .modula-item-content .modula-no-follow { cursor: default; } @media screen and (max-width:480px){#jtg-700 .modula-item .figc .jtg-title {  font-size: 12px; }#jtg-700 .modula-items .figc p.description { color:#ffffff;font-size:10px; }}<\/style>\n<div  id=\"jtg-700\" class=\"modula modula-gallery modula-columns\" data-config=\"{&quot;tabletHeight&quot;:800,&quot;mobileHeight&quot;:800,&quot;desktopHeight&quot;:800,&quot;enableTwitter&quot;:false,&quot;enableWhatsapp&quot;:false,&quot;enableFacebook&quot;:false,&quot;enablePinterest&quot;:false,&quot;enableLinkedin&quot;:false,&quot;enableEmail&quot;:false,&quot;randomFactor&quot;:0.5,&quot;type&quot;:&quot;grid&quot;,&quot;columns&quot;:12,&quot;gutter&quot;:10,&quot;mobileGutter&quot;:10,&quot;tabletGutter&quot;:10,&quot;desktopGutter&quot;:10,&quot;enableResponsive&quot;:true,&quot;tabletColumns&quot;:2,&quot;mobileColumns&quot;:1,&quot;lazyLoad&quot;:0,&quot;lightboxOpts&quot;:{&quot;animated&quot;:true,&quot;Thumbs&quot;:{&quot;type&quot;:&quot;modern&quot;,&quot;showOnStart&quot;:false},&quot;Toolbar&quot;:{&quot;display&quot;:{&quot;right&quot;:[&quot;close&quot;]},&quot;enabled&quot;:true},&quot;Carousel&quot;:{&quot;Panzoom&quot;:{&quot;touch&quot;:false},&quot;infinite&quot;:false},&quot;keyboard&quot;:{&quot;Escape&quot;:&quot;close&quot;,&quot;Delete&quot;:&quot;close&quot;,&quot;Backspace&quot;:&quot;close&quot;,&quot;PageUp&quot;:false,&quot;PageDown&quot;:false,&quot;ArrowUp&quot;:false,&quot;ArrowDown&quot;:false,&quot;ArrowRight&quot;:false,&quot;ArrowLeft&quot;:false},&quot;touch&quot;:false,&quot;backdropClick&quot;:false,&quot;l10n&quot;:{&quot;CLOSE&quot;:&quot;Zamknij&quot;,&quot;NEXT&quot;:&quot;Nast\\u0119pny&quot;,&quot;PREV&quot;:&quot;Poprzedni&quot;,&quot;Error&quot;:&quot;Nie mo\\u017cna wczyta\\u0107 \\u017c\\u0105danej tre\\u015bci. Spr\\u00f3buj ponownie p\\u00f3\\u017aniej.&quot;,&quot;PLAY_START&quot;:&quot;Rozpocznij pokaz slajd\\u00f3w&quot;,&quot;PLAY_STOP&quot;:&quot;Zatrzymaj pokaz slajd\\u00f3w&quot;,&quot;FULL_SCREEN&quot;:&quot;Pe\\u0142ny ekran&quot;,&quot;THUMBS&quot;:&quot;Miniaturki&quot;,&quot;DOWNLOAD&quot;:&quot;Pobieranie&quot;,&quot;SHARE&quot;:&quot;Udost\\u0119pnij&quot;,&quot;ZOOM&quot;:&quot;Powi\\u0119kszenie&quot;,&quot;EMAIL&quot;:&quot;Oto odno\\u015bnik do obrazka: %%image_link%%, a oto odno\\u015bnik do galerii: %%gallery_link%%&quot;,&quot;MODAL&quot;:&quot;Mo\\u017cesz zamkn\\u0105\\u0107 t\\u0119 zawarto\\u015b\\u0107 okna modalnego za pomoc\\u0105 klawisza ESC&quot;,&quot;ERROR&quot;:&quot;Co\\u015b posz\\u0142o nie tak. Spr\\u00f3buj ponownie p\\u00f3\\u017aniej&quot;,&quot;IMAGE_ERROR&quot;:&quot;Nie znaleziono obrazka&quot;,&quot;ELEMENT_NOT_FOUND&quot;:&quot;Nie znaleziono elementu HTML&quot;,&quot;AJAX_NOT_FOUND&quot;:&quot;B\\u0142\\u0105d wczytywania AJAX: Nie znaleziono&quot;,&quot;AJAX_FORBIDDEN&quot;:&quot;B\\u0142\\u0105d wczytywania AJAX: Zabronione&quot;,&quot;IFRAME_ERROR&quot;:&quot;B\\u0142\\u0105d wczytywania strony&quot;,&quot;TOGGLE_ZOOM&quot;:&quot;Prze\\u0142\\u0105cz poziom powi\\u0119kszenia&quot;,&quot;TOGGLE_THUMBS&quot;:&quot;Prze\\u0142\\u0105cz miniaturki&quot;,&quot;TOGGLE_SLIDESHOW&quot;:&quot;Prze\\u0142\\u0105cz pokaz slajd\\u00f3w&quot;,&quot;TOGGLE_FULLSCREEN&quot;:&quot;Prze\\u0142\\u0105cz tryb pe\\u0142noekranowy&quot;},&quot;Images&quot;:{&quot;Panzoom&quot;:{&quot;maxScale&quot;:2}},&quot;mainClass&quot;:&quot;modula-fancybox-container modula-lightbox-jtg-700&quot;,&quot;Html&quot;:{&quot;videoAutoplay&quot;:0,&quot;videoTpl&quot;:&quot;&lt;video class=\\&quot;fancybox__html5video\\&quot; controls muted playsinline controlsList controlsList=\\&quot;nodownload\\&quot; poster=\\&quot;{{poster}}\\&quot; src=\\&quot;{{src}}\\&quot; type=\\&quot;{{format}}\\&quot; &gt;  Sorry, your browser doesn&#039;t support embedded videos, &lt;a href=\\&quot;{{src}}\\&quot;&gt; download &lt;\\\/a&gt; and watch with your favorite video player! &lt;\\\/video&gt;&quot;}},&quot;inView&quot;:false,&quot;email_subject&quot;:&quot;Sprawd\\u017a ten niesamowity obrazek!&quot;,&quot;email_message&quot;:&quot;Oto odno\\u015bnik do obrazka: %%image_link%%, a oto odno\\u015bnik do galerii: %%gallery_link%%&quot;,&quot;grid_type&quot;:&quot;automatic&quot;,&quot;rowHeight&quot;:250,&quot;lastRow&quot;:&quot;justify&quot;,&quot;lightbox&quot;:&quot;fancybox&quot;}\">\n\n\t\n\t<div  class=\"modula-items grid-gallery\">\n\t\t<div class=\"modula-item effect-pufrobo\" >\n\t<div class=\"modula-item-overlay\"><\/div>\n\n\t<div class=\"modula-item-content\">\n\n\t\t\t\t\n\t\t\t\t\t<a data-image-id=\"697\" role=\"button\" tabindex=\"0\" rel=\"jtg-700\" data-caption=\"\" aria-label=\"Otw\u00f3rz obrazek w lightboxie\" class=\"tile-inner modula-item-link\"><\/a>\n\t\t\n\t\t<img loading=\"lazy\" decoding=\"async\" class=\"pic wp-image-697\"  data-valign=\"middle\" data-halign=\"center\" alt=\"\" data-full=\"https:\/\/abit.net.pl\/wp-content\/uploads\/2025\/12\/VS-3015CC_9.jpg\" title=\"VS-3015CC_9\" width=\"242\" height=\"300\" src=\"https:\/\/abit.net.pl\/wp-content\/uploads\/2025\/12\/VS-3015CC_9-242x300.jpg\" data-src=\"https:\/\/abit.net.pl\/wp-content\/uploads\/2025\/12\/VS-3015CC_9-242x300.jpg\" data-caption=\"\" srcset=\"https:\/\/abit.net.pl\/wp-content\/uploads\/2025\/12\/VS-3015CC_9.jpg 822w, https:\/\/abit.net.pl\/wp-content\/uploads\/2025\/12\/VS-3015CC_9-242x300.jpg 242w, https:\/\/abit.net.pl\/wp-content\/uploads\/2025\/12\/VS-3015CC_9-768x950.jpg 768w\" sizes=\"auto, (max-width: 242px) 100vw, 242px\" \/>\n\t\t<div class=\"figc no-description\">\n\t\t\t<div class=\"figc-inner\">\n\t\t\t\t\t\t\t\t\t\t\t\t\t\t\t<\/div>\n\t\t<\/div>\n\n\t<\/div>\n\n<\/div><div class=\"modula-item effect-pufrobo\" >\n\t<div class=\"modula-item-overlay\"><\/div>\n\n\t<div class=\"modula-item-content\">\n\n\t\t\t\t\n\t\t\t\t\t<a data-image-id=\"695\" role=\"button\" tabindex=\"0\" rel=\"jtg-700\" data-caption=\"\" aria-label=\"Otw\u00f3rz obrazek w lightboxie\" class=\"tile-inner modula-item-link\"><\/a>\n\t\t\n\t\t<img loading=\"lazy\" decoding=\"async\" class=\"pic wp-image-695\"  data-valign=\"middle\" data-halign=\"center\" alt=\"\" data-full=\"https:\/\/abit.net.pl\/wp-content\/uploads\/2025\/12\/VS-3015CC_7.jpg\" title=\"VS-3015CC_7\" width=\"300\" height=\"234\" src=\"https:\/\/abit.net.pl\/wp-content\/uploads\/2025\/12\/VS-3015CC_7-300x234.jpg\" data-src=\"https:\/\/abit.net.pl\/wp-content\/uploads\/2025\/12\/VS-3015CC_7-300x234.jpg\" data-caption=\"\" srcset=\"https:\/\/abit.net.pl\/wp-content\/uploads\/2025\/12\/VS-3015CC_7.jpg 1118w, https:\/\/abit.net.pl\/wp-content\/uploads\/2025\/12\/VS-3015CC_7-300x234.jpg 300w, https:\/\/abit.net.pl\/wp-content\/uploads\/2025\/12\/VS-3015CC_7-1024x800.jpg 1024w, https:\/\/abit.net.pl\/wp-content\/uploads\/2025\/12\/VS-3015CC_7-768x600.jpg 768w\" sizes=\"auto, (max-width: 300px) 100vw, 300px\" \/>\n\t\t<div class=\"figc no-description\">\n\t\t\t<div class=\"figc-inner\">\n\t\t\t\t\t\t\t\t\t\t\t\t\t\t\t<\/div>\n\t\t<\/div>\n\n\t<\/div>\n\n<\/div><div class=\"modula-item effect-pufrobo\" >\n\t<div class=\"modula-item-overlay\"><\/div>\n\n\t<div class=\"modula-item-content\">\n\n\t\t\t\t\n\t\t\t\t\t<a data-image-id=\"696\" role=\"button\" tabindex=\"0\" rel=\"jtg-700\" data-caption=\"\" aria-label=\"Otw\u00f3rz obrazek w lightboxie\" class=\"tile-inner modula-item-link\"><\/a>\n\t\t\n\t\t<img loading=\"lazy\" decoding=\"async\" class=\"pic wp-image-696\"  data-valign=\"middle\" data-halign=\"center\" alt=\"\" data-full=\"https:\/\/abit.net.pl\/wp-content\/uploads\/2025\/12\/VS-3015CC_8.jpg\" title=\"VS-3015CC_8\" width=\"254\" height=\"300\" src=\"https:\/\/abit.net.pl\/wp-content\/uploads\/2025\/12\/VS-3015CC_8-254x300.jpg\" data-src=\"https:\/\/abit.net.pl\/wp-content\/uploads\/2025\/12\/VS-3015CC_8-254x300.jpg\" data-caption=\"\" srcset=\"https:\/\/abit.net.pl\/wp-content\/uploads\/2025\/12\/VS-3015CC_8.jpg 892w, https:\/\/abit.net.pl\/wp-content\/uploads\/2025\/12\/VS-3015CC_8-254x300.jpg 254w, https:\/\/abit.net.pl\/wp-content\/uploads\/2025\/12\/VS-3015CC_8-866x1024.jpg 866w, https:\/\/abit.net.pl\/wp-content\/uploads\/2025\/12\/VS-3015CC_8-768x908.jpg 768w\" sizes=\"auto, (max-width: 254px) 100vw, 254px\" \/>\n\t\t<div class=\"figc no-description\">\n\t\t\t<div class=\"figc-inner\">\n\t\t\t\t\t\t\t\t\t\t\t\t\t\t\t<\/div>\n\t\t<\/div>\n\n\t<\/div>\n\n<\/div><div class=\"modula-item effect-pufrobo\" >\n\t<div class=\"modula-item-overlay\"><\/div>\n\n\t<div class=\"modula-item-content\">\n\n\t\t\t\t\n\t\t\t\t\t<a data-image-id=\"694\" role=\"button\" tabindex=\"0\" rel=\"jtg-700\" data-caption=\"\" aria-label=\"Otw\u00f3rz obrazek w lightboxie\" class=\"tile-inner modula-item-link\"><\/a>\n\t\t\n\t\t<img loading=\"lazy\" decoding=\"async\" class=\"pic wp-image-694\"  data-valign=\"middle\" data-halign=\"center\" alt=\"\" data-full=\"https:\/\/abit.net.pl\/wp-content\/uploads\/2025\/12\/VS-3015CC_6.jpg\" title=\"VS-3015CC_6\" width=\"297\" height=\"300\" src=\"https:\/\/abit.net.pl\/wp-content\/uploads\/2025\/12\/VS-3015CC_6-297x300.jpg\" data-src=\"https:\/\/abit.net.pl\/wp-content\/uploads\/2025\/12\/VS-3015CC_6-297x300.jpg\" data-caption=\"\" srcset=\"https:\/\/abit.net.pl\/wp-content\/uploads\/2025\/12\/VS-3015CC_6.jpg 1022w, https:\/\/abit.net.pl\/wp-content\/uploads\/2025\/12\/VS-3015CC_6-297x300.jpg 297w, https:\/\/abit.net.pl\/wp-content\/uploads\/2025\/12\/VS-3015CC_6-1012x1024.jpg 1012w, https:\/\/abit.net.pl\/wp-content\/uploads\/2025\/12\/VS-3015CC_6-768x777.jpg 768w\" sizes=\"auto, (max-width: 297px) 100vw, 297px\" \/>\n\t\t<div class=\"figc no-description\">\n\t\t\t<div class=\"figc-inner\">\n\t\t\t\t\t\t\t\t\t\t\t\t\t\t\t<\/div>\n\t\t<\/div>\n\n\t<\/div>\n\n<\/div><div class=\"modula-item effect-pufrobo\" >\n\t<div class=\"modula-item-overlay\"><\/div>\n\n\t<div class=\"modula-item-content\">\n\n\t\t\t\t\n\t\t\t\t\t<a data-image-id=\"693\" role=\"button\" tabindex=\"0\" rel=\"jtg-700\" data-caption=\"\" aria-label=\"Otw\u00f3rz obrazek w lightboxie\" class=\"tile-inner modula-item-link\"><\/a>\n\t\t\n\t\t<img loading=\"lazy\" decoding=\"async\" class=\"pic wp-image-693\"  data-valign=\"middle\" data-halign=\"center\" alt=\"\" data-full=\"https:\/\/abit.net.pl\/wp-content\/uploads\/2025\/12\/VS-3015CC_5.jpg\" title=\"VS-3015CC_5\" width=\"245\" height=\"300\" src=\"https:\/\/abit.net.pl\/wp-content\/uploads\/2025\/12\/VS-3015CC_5-245x300.jpg\" data-src=\"https:\/\/abit.net.pl\/wp-content\/uploads\/2025\/12\/VS-3015CC_5-245x300.jpg\" data-caption=\"\" srcset=\"https:\/\/abit.net.pl\/wp-content\/uploads\/2025\/12\/VS-3015CC_5.jpg 818w, https:\/\/abit.net.pl\/wp-content\/uploads\/2025\/12\/VS-3015CC_5-245x300.jpg 245w, https:\/\/abit.net.pl\/wp-content\/uploads\/2025\/12\/VS-3015CC_5-768x941.jpg 768w\" sizes=\"auto, (max-width: 245px) 100vw, 245px\" \/>\n\t\t<div class=\"figc no-description\">\n\t\t\t<div class=\"figc-inner\">\n\t\t\t\t\t\t\t\t\t\t\t\t\t\t\t<\/div>\n\t\t<\/div>\n\n\t<\/div>\n\n<\/div><div class=\"modula-item effect-pufrobo\" >\n\t<div class=\"modula-item-overlay\"><\/div>\n\n\t<div class=\"modula-item-content\">\n\n\t\t\t\t\n\t\t\t\t\t<a data-image-id=\"691\" role=\"button\" tabindex=\"0\" rel=\"jtg-700\" data-caption=\"\" aria-label=\"Otw\u00f3rz obrazek w lightboxie\" class=\"tile-inner modula-item-link\"><\/a>\n\t\t\n\t\t<img loading=\"lazy\" decoding=\"async\" class=\"pic wp-image-691\"  data-valign=\"middle\" data-halign=\"center\" alt=\"\" data-full=\"https:\/\/abit.net.pl\/wp-content\/uploads\/2025\/12\/VS-3015CC_3.jpg\" title=\"VS-3015CC_3\" width=\"221\" height=\"300\" src=\"https:\/\/abit.net.pl\/wp-content\/uploads\/2025\/12\/VS-3015CC_3-221x300.jpg\" data-src=\"https:\/\/abit.net.pl\/wp-content\/uploads\/2025\/12\/VS-3015CC_3-221x300.jpg\" data-caption=\"\" srcset=\"https:\/\/abit.net.pl\/wp-content\/uploads\/2025\/12\/VS-3015CC_3.jpg 789w, https:\/\/abit.net.pl\/wp-content\/uploads\/2025\/12\/VS-3015CC_3-221x300.jpg 221w, https:\/\/abit.net.pl\/wp-content\/uploads\/2025\/12\/VS-3015CC_3-754x1024.jpg 754w, https:\/\/abit.net.pl\/wp-content\/uploads\/2025\/12\/VS-3015CC_3-768x1042.jpg 768w\" sizes=\"auto, (max-width: 221px) 100vw, 221px\" \/>\n\t\t<div class=\"figc no-description\">\n\t\t\t<div class=\"figc-inner\">\n\t\t\t\t\t\t\t\t\t\t\t\t\t\t\t<\/div>\n\t\t<\/div>\n\n\t<\/div>\n\n<\/div><div class=\"modula-item effect-pufrobo\" >\n\t<div class=\"modula-item-overlay\"><\/div>\n\n\t<div class=\"modula-item-content\">\n\n\t\t\t\t\n\t\t\t\t\t<a data-image-id=\"692\" role=\"button\" tabindex=\"0\" rel=\"jtg-700\" data-caption=\"\" aria-label=\"Otw\u00f3rz obrazek w lightboxie\" class=\"tile-inner modula-item-link\"><\/a>\n\t\t\n\t\t<img loading=\"lazy\" decoding=\"async\" class=\"pic wp-image-692\"  data-valign=\"middle\" data-halign=\"center\" alt=\"\" data-full=\"https:\/\/abit.net.pl\/wp-content\/uploads\/2025\/12\/VS-3015CC_4.jpg\" title=\"VS-3015CC_4\" width=\"217\" height=\"300\" src=\"https:\/\/abit.net.pl\/wp-content\/uploads\/2025\/12\/VS-3015CC_4-217x300.jpg\" data-src=\"https:\/\/abit.net.pl\/wp-content\/uploads\/2025\/12\/VS-3015CC_4-217x300.jpg\" data-caption=\"\" srcset=\"https:\/\/abit.net.pl\/wp-content\/uploads\/2025\/12\/VS-3015CC_4.jpg 758w, https:\/\/abit.net.pl\/wp-content\/uploads\/2025\/12\/VS-3015CC_4-217x300.jpg 217w, https:\/\/abit.net.pl\/wp-content\/uploads\/2025\/12\/VS-3015CC_4-739x1024.jpg 739w\" sizes=\"auto, (max-width: 217px) 100vw, 217px\" \/>\n\t\t<div class=\"figc no-description\">\n\t\t\t<div class=\"figc-inner\">\n\t\t\t\t\t\t\t\t\t\t\t\t\t\t\t<\/div>\n\t\t<\/div>\n\n\t<\/div>\n\n<\/div><div class=\"modula-item effect-pufrobo\" >\n\t<div class=\"modula-item-overlay\"><\/div>\n\n\t<div class=\"modula-item-content\">\n\n\t\t\t\t\n\t\t\t\t\t<a data-image-id=\"689\" role=\"button\" tabindex=\"0\" rel=\"jtg-700\" data-caption=\"\" aria-label=\"Otw\u00f3rz obrazek w lightboxie\" class=\"tile-inner modula-item-link\"><\/a>\n\t\t\n\t\t<img loading=\"lazy\" decoding=\"async\" class=\"pic wp-image-689\"  data-valign=\"middle\" data-halign=\"center\" alt=\"\" data-full=\"https:\/\/abit.net.pl\/wp-content\/uploads\/2025\/12\/VS-3015CC_1.jpg\" title=\"VS-3015CC_1\" width=\"227\" height=\"300\" src=\"https:\/\/abit.net.pl\/wp-content\/uploads\/2025\/12\/VS-3015CC_1-227x300.jpg\" data-src=\"https:\/\/abit.net.pl\/wp-content\/uploads\/2025\/12\/VS-3015CC_1-227x300.jpg\" data-caption=\"\" srcset=\"https:\/\/abit.net.pl\/wp-content\/uploads\/2025\/12\/VS-3015CC_1.jpg 804w, https:\/\/abit.net.pl\/wp-content\/uploads\/2025\/12\/VS-3015CC_1-227x300.jpg 227w, https:\/\/abit.net.pl\/wp-content\/uploads\/2025\/12\/VS-3015CC_1-774x1024.jpg 774w, https:\/\/abit.net.pl\/wp-content\/uploads\/2025\/12\/VS-3015CC_1-768x1016.jpg 768w\" sizes=\"auto, (max-width: 227px) 100vw, 227px\" \/>\n\t\t<div class=\"figc no-description\">\n\t\t\t<div class=\"figc-inner\">\n\t\t\t\t\t\t\t\t\t\t\t\t\t\t\t<\/div>\n\t\t<\/div>\n\n\t<\/div>\n\n<\/div><div class=\"modula-item effect-pufrobo\" >\n\t<div class=\"modula-item-overlay\"><\/div>\n\n\t<div class=\"modula-item-content\">\n\n\t\t\t\t\n\t\t\t\t\t<a data-image-id=\"690\" role=\"button\" tabindex=\"0\" rel=\"jtg-700\" data-caption=\"\" aria-label=\"Otw\u00f3rz obrazek w lightboxie\" class=\"tile-inner modula-item-link\"><\/a>\n\t\t\n\t\t<img loading=\"lazy\" decoding=\"async\" class=\"pic wp-image-690\"  data-valign=\"middle\" data-halign=\"center\" alt=\"\" data-full=\"https:\/\/abit.net.pl\/wp-content\/uploads\/2025\/12\/VS-3015CC_2.jpg\" title=\"VS-3015CC_2\" width=\"228\" height=\"300\" src=\"https:\/\/abit.net.pl\/wp-content\/uploads\/2025\/12\/VS-3015CC_2-228x300.jpg\" data-src=\"https:\/\/abit.net.pl\/wp-content\/uploads\/2025\/12\/VS-3015CC_2-228x300.jpg\" data-caption=\"\" srcset=\"https:\/\/abit.net.pl\/wp-content\/uploads\/2025\/12\/VS-3015CC_2.jpg 752w, https:\/\/abit.net.pl\/wp-content\/uploads\/2025\/12\/VS-3015CC_2-228x300.jpg 228w\" sizes=\"auto, (max-width: 228px) 100vw, 228px\" \/>\n\t\t<div class=\"figc no-description\">\n\t\t\t<div class=\"figc-inner\">\n\t\t\t\t\t\t\t\t\t\t\t\t\t\t\t<\/div>\n\t\t<\/div>\n\n\t<\/div>\n\n<\/div>\t\t\n\t<\/div>\n\n\t\n\t\n\t<script type=\"application\/ld+json\">\n\t{\n\t\t\"@context\": \"http:\/\/schema.org\",\n\t\t\"@type\"   : \"ImageGallery\",\n\t\t\"id\"      : \"https:\/\/abit.net.pl\/index.php\/verotech\/\",\n\t\t\"url\"     : \"https:\/\/abit.net.pl\/index.php\/verotech\/\"\n\t}\n\n\t<\/script>\n\n\t\n<\/div>\n\n\n\n<p><\/p>\n\n\n\n<p><\/p>\n","protected":false},"excerpt":{"rendered":"<p>VeroTech to polska marka ergonomicznych urz\u0105dze\u0144 biurowych, kt\u00f3ra szturmem zdobywa rynek oferuj\u0105c najwy\u017cszej jako\u015bci elementy wyposa\u017cenia biura. W\u015br\u00f3d produkt\u00f3w sygnowanych mark\u0105 VeroTech s\u0105: Na szczeg\u00f3ln\u0105 uwag\u0119 zas\u0142uguje linia ultra cichych &#8230;<\/p>\n","protected":false},"author":1,"featured_media":0,"parent":0,"menu_order":0,"comment_status":"closed","ping_status":"closed","template":"","meta":{"footnotes":""},"class_list":["post-677","page","type-page","status-publish","hentry"],"_links":{"self":[{"href":"https:\/\/abit.net.pl\/index.php\/wp-json\/wp\/v2\/pages\/677","targetHints":{"allow":["GET"]}}],"collection":[{"href":"https:\/\/abit.net.pl\/index.php\/wp-json\/wp\/v2\/pages"}],"about":[{"href":"https:\/\/abit.net.pl\/index.php\/wp-json\/wp\/v2\/types\/page"}],"author":[{"embeddable":true,"href":"https:\/\/abit.net.pl\/index.php\/wp-json\/wp\/v2\/users\/1"}],"replies":[{"embeddable":true,"href":"https:\/\/abit.net.pl\/index.php\/wp-json\/wp\/v2\/comments?post=677"}],"version-history":[{"count":9,"href":"https:\/\/abit.net.pl\/index.php\/wp-json\/wp\/v2\/pages\/677\/revisions"}],"predecessor-version":[{"id":701,"href":"https:\/\/abit.net.pl\/index.php\/wp-json\/wp\/v2\/pages\/677\/revisions\/701"}],"wp:attachment":[{"href":"https:\/\/abit.net.pl\/index.php\/wp-json\/wp\/v2\/media?parent=677"}],"curies":[{"name":"wp","href":"https:\/\/api.w.org\/{rel}","templated":true}]}}